{"id":12,"date":"2018-10-06T19:19:16","date_gmt":"2018-10-06T17:19:16","guid":{"rendered":"https:\/\/psychologkkozle.wordpress.com\/?page_id=4"},"modified":"2024-10-10T19:52:13","modified_gmt":"2024-10-10T19:52:13","slug":"omnie","status":"publish","type":"page","link":"https:\/\/www.psycholog4you.com.pl\/","title":{"rendered":"O mnie"},"content":{"rendered":"<p style=\"background:white;vertical-align:baseline;margin:0 0 19.2pt;text-align:justify;\"><span style=\"font-family:'Helvetica', 'sans-serif';color:#444340;\"><img loading=\"lazy\" decoding=\"async\" class=\"size-medium wp-image-285 alignleft\" src=\"http:\/\/www.psycholog4you.com.pl\/wp-content\/uploads\/2019\/09\/dsc_9607.jpg?w=402\" alt=\"DSC_9607\" width=\"201\" height=\"300\" srcset=\"https:\/\/www.psycholog4you.com.pl\/wp-content\/uploads\/2019\/09\/dsc_9607.jpg 1296w, https:\/\/www.psycholog4you.com.pl\/wp-content\/uploads\/2019\/09\/dsc_9607-201x300.jpg 201w, https:\/\/www.psycholog4you.com.pl\/wp-content\/uploads\/2019\/09\/dsc_9607-685x1024.jpg 685w, https:\/\/www.psycholog4you.com.pl\/wp-content\/uploads\/2019\/09\/dsc_9607-768x1147.jpg 768w, https:\/\/www.psycholog4you.com.pl\/wp-content\/uploads\/2019\/09\/dsc_9607-1028x1536.jpg 1028w\" sizes=\"(max-width: 201px) 100vw, 201px\" \/><\/span><\/p>\n<p style=\"background:white;vertical-align:baseline;margin:0 0 19.2pt;text-align:justify;\"><span style=\"font-family:'Helvetica', 'sans-serif';color:#444340;\"><strong>Witam\u00a0 na\u00a0 stronie Gabinetu Psychologicznego.<\/strong> <\/span><\/p>\n<p style=\"background:white;vertical-align:baseline;margin:0 0 19.2pt;text-align:justify;\"><span style=\"font-family:'Helvetica', 'sans-serif';color:#444340;\">Nazywam si\u0119 Ma\u0142gorzata Kaduk.\u00a0<\/span><span style=\"color:#444340;font-family:Helvetica, sans-serif;\">\u201eStrefa Emocji\u201d\u00a0to\u00a0 \u00a0miejsce\u00a0 dla\u00a0 os\u00f3b,\u00a0 kt\u00f3re\u00a0 z\u00a0 r\u00f3\u017cnych\u00a0 powod\u00f3w\u00a0 znajduj\u0105\u00a0 si\u0119\u00a0 w\u00a0 trudnej\u00a0 sytuacji \u017cyciowej.<\/span><\/p>\n<ul>\n<li style=\"background:white;vertical-align:baseline;text-align:justify;\"><span style=\"font-family:'Helvetica', 'sans-serif';color:#444340;\">Mo\u017ce\u00a0 \u00a0 Twoim\u00a0 \u00a0problemem\u00a0 \u00a0s\u0105\u00a0 \u00a0powtarzaj\u0105ce\u00a0 \u00a0si\u0119\u00a0 \u00a0trudno\u015bci\u00a0 \u00a0w\u00a0 \u00a0 relacjach\u00a0 \u00a0 z\u00a0 bliskimi osobami\u00a0 \u00a0lub\u00a0 potrzebujesz\u00a0 wsparcia, bo\u00a0 prze\u017cywasz\u00a0 \u00a0kryzysow\u0105\u00a0 \u00a0sytuacj\u0119\u00a0 i stwierdzasz, \u017ce Twoje naturalne zasoby nie wystarczaj\u0105 do przywr\u00f3cenia r\u00f3wnowagi.<\/span><\/li>\n<li style=\"background:white;vertical-align:baseline;text-align:justify;\"><span style=\"font-family:'Helvetica', 'sans-serif';color:#444340;\"> Mo\u017ce cz\u0119sto stresujesz si\u0119, masz niepokoje i l\u0119ki lub odczuwasz smutek i przygn\u0119bienie.<\/span><\/li>\n<li style=\"background:white;vertical-align:baseline;text-align:justify;\"><span style=\"font-family:'Helvetica', 'sans-serif';color:#444340;\"> Mo\u017ce jeste\u015b rodzicem i stwierdzasz, \u017ce budowanie relacji z Twoim ukochanym dzieckiem lub nastolatkiem jest trudniejsze\u00a0 ni\u017c\u00a0 my\u015bla\u0142a\u015b \/ my\u015bla\u0142e\u015b.<\/span><\/li>\n<li style=\"background:white;vertical-align:baseline;text-align:justify;\"><span style=\"font-family:'Helvetica', 'sans-serif';color:#444340;\">Mo\u017ce\u00a0 martwisz\u00a0 si\u0119,\u00a0 \u017ce\u00a0 Twoje\u00a0 dziecko\u00a0 nie radzi sobie zbyt dobrze w kontaktach z innymi dzie\u0107mi, w nauce lub z jeszcze innego powodu. <\/span><\/li>\n<li style=\"text-align:justify;background:white;vertical-align:baseline;\"><span style=\"font-family:'Helvetica', 'sans-serif';color:#444340;\">Mo\u017ce chcesz lepiej pozna\u0107 i zrozumie\u0107 siebie lub innych ludzi?<\/span><\/li>\n<\/ul>\n<p style=\"text-align:justify;background:white;vertical-align:baseline;margin:0 0 19.2pt;\"><span style=\"font-family:'Helvetica', 'sans-serif';color:#444340;\">Jestem psychologiem, terapeut\u0105 o wieloletnim do\u015bwiadczeniu w udzielaniu specjalistycznej pomocy dzieciom, nastolatkom i osobom doros\u0142ym. Obserwacja i moje do\u015bwiadczenie m\u00f3wi\u0105 mi, \u017ce cz\u0142owiek na ka\u017cdym etapie swojego \u017cycia mo\u017ce zyska\u0107 na wspieraj\u0105cej relacji z osob\u0105, kt\u00f3ra wys\u0142ucha z uwag\u0105 oraz zainspiruje do zmiany. Wiem r\u00f3wnie\u017c, \u017ce czasami nasze naturalne zasoby i umiej\u0119tno\u015bci nie wystarczaj\u0105, aby przezwyci\u0119\u017cy\u0107 swoje trudno\u015bci.\u00a0 Osoby\u00a0 potrzebuj\u0105ce\u00a0 \u00a0wsparcia,\u00a0 b\u0119d\u0105ce\u00a0 z\u00a0 r\u00f3\u017cnych\u00a0 powod\u00f3w\u00a0 w\u00a0 trudnej\u00a0 sytuacji mog\u0105 skorzysta\u0107 z fachowej konsultacji psychologicznej, kt\u00f3ra pozwoli na dobranie formy pomocy odpowiednio do rozpoznanego problemu. Zainteresowani mog\u0105 skorzysta\u0107 z konsultacji, diagnozy, pomocy terapeutycznej lub z praktycznych warsztat\u00f3w rozwijaj\u0105cych umiej\u0119tno\u015bci emocjonalne i spo\u0142eczne lub wychowawcze. Czasem decyzja, by skorzysta\u0107 z pomocy psychologa jest trudna, to naturalne. Zr\u00f3b pierwszy krok, drugi zrobimy ju\u017c razem.<\/span><\/p>\n<p style=\"text-align:justify;background:white;vertical-align:baseline;margin:0 0 19.2pt;\"><span style=\"font-family:'Helvetica', 'sans-serif';color:#444340;\"><strong> ZAPRASZAM<\/strong> do spotka\u0144\u00a0 i rozm\u00f3w w atmosferze spokoju, komfortu i dyskrecji. W celu um\u00f3wienia si\u0119\u00a0 na\u00a0 wizyt\u0119\u00a0 zadzwo\u0144,\u00a0 wy\u015blij\u00a0 SMS\u00a0 (nr\u00a0 tel.\u00a0 <span style=\"color:#333399;\"><strong>+48 601 332 832<\/strong><\/span>)\u00a0 lub napisz na podany adres e-mail:\u00a0 <span style=\"color:#333399;\"><strong>malgorzata.kaduk@gmail.com\u00a0<\/strong><\/span><\/span><\/p>\n<p><strong>Nowo\u015b\u0107 2022: konsultacje online.<\/strong><\/p>\n<p style=\"text-align:justify;background:white;vertical-align:baseline;margin:0 0 19.2pt;\"><span style=\"font-family:'Helvetica', 'sans-serif';color:#444340;\">Mam do\u015bwiadczenie w pracy w poradni psychologiczno-pedagogicznej, w szko\u0142ach podstawowych, w tym z oddzia\u0142ami integracyjnymi, w gimnazjum, w specjalnym o\u015brodku szkolno-wychowawczym. Pracuj\u0119 w gminnej komisji rozwi\u0105zywania problem\u00f3w alkoholowych. Wsp\u00f3\u0142pracowa\u0142am z Urz\u0119dem Pracy, z Powiatowym Centrum Pomocy Rodzinie,\u00a0 z Miejskim O\u015brodkiem Pomocy Spo\u0142ecznej. Realizowa\u0142am r\u00f3\u017cne\u00a0 projekty, polegaj\u0105ce na wspieraniu os\u00f3b poszukuj\u0105cych pracy, zagro\u017conych wykluczeniem spo\u0142ecznym, niepe\u0142nosprawnych, w starszym wieku. Zakres wykonywanych przeze mnie us\u0142ug obejmowa\u0142 konsultacje psychologiczne, opiniowanie, prowadzenie grupy wsparcia, szkolenia z kompetencji psychospo\u0142ecznych.<\/span><\/p>\n<p style=\"text-align:justify;background:white;vertical-align:baseline;margin:0 0 19.2pt;\"><span style=\"font-family:'Helvetica', 'sans-serif';color:#444340;\">Jestem absolwentk\u0105 Uniwersytetu Wroc\u0142awskiego (psychologia stosowana nauczania i wychowania). Pog\u0142\u0119bia\u0142am swoj\u0105 wiedz\u0119 specjalistyczn\u0105 na studiach podyplomowych: Psychokorekcja Zaburze\u0144 Zachowania Dzieci i M\u0142odzie\u017cy (Uniwersytet \u015al\u0105ski) oraz Autyzm. Edukacja i Rewalidacja Os\u00f3b ze Spektrum Autyzmu (Wy\u017csza Szko\u0142a Nauk Pedagogicznych w Warszawie).\u00a0 Bra\u0142am\u00a0 udzia\u0142\u00a0 w\u00a0 licznych\u00a0 szkoleniach terapeutycznych w nurcie ericksonowskim:\u00a0 cykl Terapia Rodzin i inne specjalistyczne (Polski Instytut Ericksonowski), w nurcie behawioralnym zdoby\u0142am przygotowanie w teorii i praktyce do pracy terapeutycznej z osobami z autyzmem (Polskie Stowarzyszenie Terapii Behawioralnej, Centrum Terapii Behawioralnej).\u00a0Aktualnie uczestnicz\u0119 w Studium terapii poznawczo-behawioralnej (Dolno\u015bl\u0105skie Centrum Psychoterapii we Wroc\u0142awiu). Jestem rekomendowan\u0105 realizatork\u0105 Programu Szko\u0142a dla Rodzic\u00f3w i Wychowawc\u00f3w, kt\u00f3ry s\u0142u\u017cy pomoc\u0105 w budowaniu relacji doros\u0142y \u2013 dziecko \/ nastolatek, relacji mi\u0119dzy dzie\u0107mi (rodze\u0144stwem), praktykiem Metod Dam Rad\u0119! i Jestem z Ciebie Dumny! (podej\u015bcie Terapii Skoncentrowanej na Rozwi\u0105zaniu), realizatork\u0105 program\u00f3w profilaktycznych dla dzieci i m\u0142odzie\u017cy \u201eSp\u00f3jrz inaczej\u201d, \u201ePrzyjaciele Zippiego\u201d.<br \/>\nSystematycznie poszerzam swoj\u0105 wiedz\u0119, uczestnicz\u0105c w kursach, warsztatach, szkoleniach dla psycholog\u00f3w i terapeut\u00f3w.<\/span><\/p>\n<p style=\"text-align:justify;\">Prywatnie mia\u0142am prawdziw\u0105 przyjemno\u015b\u0107 uczestniczy\u0107 w rozwoju i wychowaniu dw\u00f3jki moich dzieci. By\u0142o to niesamowite do\u015bwiadczenie, kt\u00f3re bardzo wzbogaci\u0142o mnie jako cz\u0142owieka i psychologa. Fascynuje mnie cz\u0142owiek i jego kondycja. Inspiruje mnie dobra ksi\u0105\u017cka, film, muzyka na \u017cywo, eksperymenty kulinarne. Odpoczywam w plenerze, spaceruj\u0105c z psem, uwielbiam g\u00f3rskie w\u0119dr\u00f3wki.<\/p>\n<p style=\"text-align:justify;background:white;vertical-align:baseline;margin:0 0 19.2pt;\"><span style=\"font-family:'Helvetica', 'sans-serif';color:#444340;\"><strong>ZAPRASZAM<\/strong> do skorzystania z oferty gabinetu \u201eStrefa Emocji\u201d.<\/span><\/p>\n","protected":false},"excerpt":{"rendered":"<p>Strefa Emocji<\/p>\n","protected":false},"author":2,"featured_media":431,"parent":0,"menu_order":1,"comment_status":"closed","ping_status":"closed","template":"","meta":{"footnotes":""},"tags":[6,8,10,11,9,12,13,14],"class_list":["post-12","page","type-page","status-publish","has-post-thumbnail","hentry","tag-diagnoza","tag-gabinet","tag-kedzierzyn","tag-kedzierzyn-kozle","tag-kozle","tag-pomoc","tag-psycholog","tag-terapeuta","without-featured-image"],"jetpack_sharing_enabled":false,"_links":{"self":[{"href":"https:\/\/www.psycholog4you.com.pl\/index.php?rest_route=\/wp\/v2\/pages\/12"}],"collection":[{"href":"https:\/\/www.psycholog4you.com.pl\/index.php?rest_route=\/wp\/v2\/pages"}],"about":[{"href":"https:\/\/www.psycholog4you.com.pl\/index.php?rest_route=\/wp\/v2\/types\/page"}],"author":[{"embeddable":true,"href":"https:\/\/www.psycholog4you.com.pl\/index.php?rest_route=\/wp\/v2\/users\/2"}],"replies":[{"embeddable":true,"href":"https:\/\/www.psycholog4you.com.pl\/index.php?rest_route=%2Fwp%2Fv2%2Fcomments&post=12"}],"version-history":[{"count":2,"href":"https:\/\/www.psycholog4you.com.pl\/index.php?rest_route=\/wp\/v2\/pages\/12\/revisions"}],"predecessor-version":[{"id":438,"href":"https:\/\/www.psycholog4you.com.pl\/index.php?rest_route=\/wp\/v2\/pages\/12\/revisions\/438"}],"wp:featuredmedia":[{"embeddable":true,"href":"https:\/\/www.psycholog4you.com.pl\/index.php?rest_route=\/wp\/v2\/media\/431"}],"wp:attachment":[{"href":"https:\/\/www.psycholog4you.com.pl\/index.php?rest_route=%2Fwp%2Fv2%2Fmedia&parent=12"}],"wp:term":[{"taxonomy":"post_tag","embeddable":true,"href":"https:\/\/www.psycholog4you.com.pl\/index.php?rest_route=%2Fwp%2Fv2%2Ftags&post=12"}],"curies":[{"name":"wp","href":"https:\/\/api.w.org\/{rel}","templated":true}]}}