{"id":67,"date":"2018-10-25T19:26:08","date_gmt":"2018-10-25T17:26:08","guid":{"rendered":"https:\/\/psychologkkozle.wordpress.com\/?page_id=67"},"modified":"2018-10-25T19:26:08","modified_gmt":"2018-10-25T17:26:08","slug":"diagnoza","status":"publish","type":"page","link":"https:\/\/www.psycholog4you.com.pl\/?page_id=67","title":{"rendered":"Diagnoza"},"content":{"rendered":"<p style=\"text-align:justify;\">Jako psycholog zajmuj\u0119 si\u0119 diagnoz\u0105 r\u00f3\u017cnych problem\u00f3w oraz zaburze\u0144, wyst\u0119puj\u0105cych u dzieci, nastolatk\u00f3w oraz os\u00f3b doros\u0142ych.<\/p>\n<p style=\"text-align:justify;\">Diagnoza psychologiczna polega na dokonaniu oceny funkcjonowania dziecka, nastolatka lub osoby doros\u0142ej\u00a0 i\u00a0 przedstawiona\u00a0 jest\u00a0 jako opis cech i mo\u017cliwo\u015bci\u00a0 (diagnoza\u00a0 jako\u015bciowa) lub w odniesieniu\u00a0 do grupy\u00a0 wiekowej w\u0142a\u015bciwej danej osobie (diagnoza\u00a0 ilo\u015bciowa). W\u00a0 zale\u017cno\u015bci\u00a0 od\u00a0 wieku\u00a0 osoby\u00a0oraz\u00a0 zg\u0142oszonego\u00a0 problemu\u00a0 i\u00a0 celu\u00a0 (czyli tego,\u00a0 po\u00a0 co\u00a0 diagnozujemy)\u00a0 psycholog\u00a0 dobiera\u00a0 w\u0142a\u015bciwe\u00a0 testy\u00a0 i\u00a0 kwestionariusze.<\/p>\n<p style=\"text-align:justify;\">Badanie psychologiczne obejmuje szczeg\u00f3\u0142owy wywiad diagnostyczny, obserwacj\u0119 zachowania oraz testy psychologiczne. W razie stwierdzonej potrzeby mo\u017cliwa jest obserwacja dziecka w przedszkolu lub w szkole.<\/p>\n<p style=\"text-align:justify;\">W przypadku dzieci i nastolatk\u00f3w diagnoza psychologiczna zazwyczaj obejmuje 1-2 spotkania z rodzicami oraz od 1 do kilku spotka\u0144 z dzieckiem, co ustalane jest indywidualnie i zale\u017cy od zg\u0142oszonego problemu i celu diagnozy.<\/p>\n<p style=\"text-align:justify;\">W\u00a0 razie\u00a0 stwierdzonej\u00a0 potrzeby\u00a0 psycholog\u00a0 kieruje\u00a0 osob\u0119\u00a0 diagnozowan\u0105\u00a0 na konsultacj\u0119\u00a0 specjalistyczn\u0105\u00a0 pedagogiczn\u0105,\u00a0 logopedyczn\u0105,\u00a0 medyczn\u0105,\u00a0 np.: neurologiczn\u0105 lub psychiatryczn\u0105.<\/p>\n<p style=\"text-align:justify;\">Celem\u00a0 \u00a0nadrz\u0119dnym\u00a0 \u00a0jest\u00a0 rzetelne\u00a0 \u00a0rozpoznanie\u00a0 przyczyn\u00a0 zg\u0142aszanych\u00a0 trudno\u015bci\u00a0 oraz\u00a0 \u00a0kompetentna\u00a0 \u00a0i\u00a0 \u00a0empatyczna\u00a0 \u00a0pomoc\u00a0 \u00a0osobie\u00a0 \u00a0doros\u0142ej\u00a0 \u00a0lub\u00a0 \u00a0dziecku,\u00a0 nastolatkowi\u00a0 i\u00a0 rodzicom.<\/p>\n<p style=\"text-align:justify;\">Po zako\u0144czonym procesie diagnostycznym udzielona zostaje informacja zwrotna ustnie lub w formie pisemnej opinii, kt\u00f3ra zawiera g\u0142\u00f3wne wnioski z badania, odpowiedzi na pytania, np.: \u201eJaki jest poziom inteligencji osoby\u201d, \u201eJakie s\u0105 przyczyny trudno\u015bci w nauce szkolnej\u201d, \u201eJakie s\u0105 emocjonalne przyczyny zg\u0142oszonego problemu\u201d, \u201eJak stymulowa\u0107 dziecko, aby si\u0119 rozwija\u0142o\u201d oraz planowane s\u0105 dalsze dzia\u0142ania, np.: terapeutyczne.<\/p>\n<p style=\"text-align:justify;\">Prowadz\u0119 diagnoz\u0119 w nast\u0119puj\u0105cych obszarach:<\/p>\n<ul>\n<li style=\"text-align:justify;\">ca\u0142o\u015bciowa analiza i ocena funkcjonowania poznawczego (intelektualnego) oraz emocjonalno-spo\u0142ecznego dziecka lub nastolatka (mocne strony, odchylenia, zaburzenia w rozwoju)<\/li>\n<li style=\"text-align:justify;\">ocena rozwoju psychoruchowego ma\u0142ego dziecka (spostrzeganie, pami\u0119\u0107, mowa, manipulacja, zachowania spo\u0142eczne, motoryka, cechy temperamentu dziecka)<\/li>\n<li style=\"text-align:justify;\">ocena stanu emocjonalnego i trudno\u015bci spo\u0142ecznych dziecka<\/li>\n<li style=\"text-align:justify;\">diagnoza\u00a0 przyczyn\u00a0 niepowodze\u0144\u00a0 w\u00a0 nauce,\u00a0 ryzyko\u00a0 specyficznych\u00a0 trudno\u015bci\u00a0 w\u00a0 uczeniu si\u0119 &#8211; dysleksja, dysortografia, dysgrafia<\/li>\n<li style=\"text-align:justify;\">diagnoza ucznia szczeg\u00f3lnie zdolnego<\/li>\n<li style=\"text-align:justify;\">ocena poznawczej i emocjonalno-spo\u0142ecznej gotowo\u015bci dziecka do rozpocz\u0119cia nauki w szkole<\/li>\n<li style=\"text-align:justify;\">diagnoza problem\u00f3w wychowawczych<\/li>\n<li style=\"text-align:justify;\">badanie os\u00f3b doros\u0142ych w zakresie inteligencji, osobowo\u015bci.<\/li>\n<\/ul>\n","protected":false},"excerpt":{"rendered":"<p>Jako psycholog zajmuj\u0119 si\u0119 diagnoz\u0105 r\u00f3\u017cnych problem\u00f3w oraz zaburze\u0144, wyst\u0119puj\u0105cych u dzieci, nastolatk\u00f3w oraz os\u00f3b doros\u0142ych. Diagnoza psychologiczna polega na dokonaniu oceny funkcjonowania dziecka, nastolatka lub osoby doros\u0142ej\u00a0 i\u00a0 przedstawiona\u00a0 jest\u00a0 jako opis cech i mo\u017cliwo\u015bci\u00a0 (diagnoza\u00a0 jako\u015bciowa) lub w odniesieniu\u00a0 do grupy\u00a0 wiekowej w\u0142a\u015bciwej danej osobie (diagnoza\u00a0 ilo\u015bciowa). W\u00a0 zale\u017cno\u015bci\u00a0 od\u00a0 wieku\u00a0 osoby\u00a0oraz\u00a0 zg\u0142oszonego\u00a0&hellip; <a href=\"https:\/\/www.psycholog4you.com.pl\/?page_id=67\" class=\"more-link\">Czytaj dalej <span class=\"screen-reader-text\">Diagnoza<\/span><\/a><\/p>\n","protected":false},"author":2,"featured_media":0,"parent":71,"menu_order":0,"comment_status":"closed","ping_status":"closed","template":"","meta":{"footnotes":""},"tags":[6],"class_list":["post-67","page","type-page","status-publish","hentry","tag-diagnoza","without-featured-image"],"jetpack_sharing_enabled":true,"_links":{"self":[{"href":"https:\/\/www.psycholog4you.com.pl\/index.php?rest_route=\/wp\/v2\/pages\/67"}],"collection":[{"href":"https:\/\/www.psycholog4you.com.pl\/index.php?rest_route=\/wp\/v2\/pages"}],"about":[{"href":"https:\/\/www.psycholog4you.com.pl\/index.php?rest_route=\/wp\/v2\/types\/page"}],"author":[{"embeddable":true,"href":"https:\/\/www.psycholog4you.com.pl\/index.php?rest_route=\/wp\/v2\/users\/2"}],"replies":[{"embeddable":true,"href":"https:\/\/www.psycholog4you.com.pl\/index.php?rest_route=%2Fwp%2Fv2%2Fcomments&post=67"}],"version-history":[{"count":0,"href":"https:\/\/www.psycholog4you.com.pl\/index.php?rest_route=\/wp\/v2\/pages\/67\/revisions"}],"up":[{"embeddable":true,"href":"https:\/\/www.psycholog4you.com.pl\/index.php?rest_route=\/wp\/v2\/pages\/71"}],"wp:attachment":[{"href":"https:\/\/www.psycholog4you.com.pl\/index.php?rest_route=%2Fwp%2Fv2%2Fmedia&parent=67"}],"wp:term":[{"taxonomy":"post_tag","embeddable":true,"href":"https:\/\/www.psycholog4you.com.pl\/index.php?rest_route=%2Fwp%2Fv2%2Ftags&post=67"}],"curies":[{"name":"wp","href":"https:\/\/api.w.org\/{rel}","templated":true}]}}