{"id":71,"date":"2018-10-25T19:26:49","date_gmt":"2018-10-25T17:26:49","guid":{"rendered":"https:\/\/psychologkkozle.wordpress.com\/zakres-pomocy\/"},"modified":"2018-10-25T19:26:49","modified_gmt":"2018-10-25T17:26:49","slug":"zakres-pomocy","status":"publish","type":"page","link":"https:\/\/www.psycholog4you.com.pl\/?page_id=71","title":{"rendered":"Zakres pomocy"},"content":{"rendered":"<p><em>&#8222;Cz\u0142owiek jest jak \u017caglowiec, ma sw\u00f3j \u017cagiel, ma ster i wszystko, co potrzebne \u017ceby pop\u0142yn\u0105\u0107. Terapeuta, nauczyciel to podmuch wiatru, kt\u00f3ry sprawia, \u017ce \u017caglowiec p\u0142ynie do celu.&#8221;<\/em><\/p>\n<p><em>Milton H. Erickson<\/em><\/p>\n<p>&nbsp;<\/p>\n<p style=\"text-align:justify;\">Oferowana przeze mnie pomoc psychologiczna obejmuje szeroki zakres dzia\u0142a\u0144. Przede wszystkim to wspieranie i towarzyszenie klientom gabinetu psychologicznego \u2013 osobom doros\u0142ym, nastolatkom oraz dzieciom. Wspieram w radzeniu sobie z trudno\u015bciami,\u00a0 pomagam w przej\u015bciu trudnych etap\u00f3w \u017cycia.<\/p>\n<p style=\"text-align:justify;\">Zajmuj\u0119 si\u0119 diagnoz\u0105 psychologiczn\u0105, terapi\u0105 indywidualn\u0105 oraz terapi\u0105 rodzin.<\/p>\n<p>&nbsp;<\/p>\n<p>&nbsp;<\/p>\n","protected":false},"excerpt":{"rendered":"<p>&#8222;Cz\u0142owiek jest jak \u017caglowiec, ma sw\u00f3j \u017cagiel, ma ster i wszystko, co potrzebne \u017ceby pop\u0142yn\u0105\u0107. Terapeuta, nauczyciel to podmuch wiatru, kt\u00f3ry sprawia, \u017ce \u017caglowiec p\u0142ynie do celu.&#8221; Milton H. Erickson &nbsp; Oferowana przeze mnie pomoc psychologiczna obejmuje szeroki zakres dzia\u0142a\u0144. Przede wszystkim to wspieranie i towarzyszenie klientom gabinetu psychologicznego \u2013 osobom doros\u0142ym, nastolatkom oraz dzieciom.&hellip; <a href=\"https:\/\/www.psycholog4you.com.pl\/?page_id=71\" class=\"more-link\">Czytaj dalej <span class=\"screen-reader-text\">Zakres pomocy<\/span><\/a><\/p>\n","protected":false},"author":2,"featured_media":87,"parent":0,"menu_order":2,"comment_status":"closed","ping_status":"closed","template":"","meta":{"footnotes":""},"tags":[],"class_list":["post-71","page","type-page","status-publish","has-post-thumbnail","hentry","without-featured-image"],"jetpack_sharing_enabled":true,"_links":{"self":[{"href":"https:\/\/www.psycholog4you.com.pl\/index.php?rest_route=\/wp\/v2\/pages\/71"}],"collection":[{"href":"https:\/\/www.psycholog4you.com.pl\/index.php?rest_route=\/wp\/v2\/pages"}],"about":[{"href":"https:\/\/www.psycholog4you.com.pl\/index.php?rest_route=\/wp\/v2\/types\/page"}],"author":[{"embeddable":true,"href":"https:\/\/www.psycholog4you.com.pl\/index.php?rest_route=\/wp\/v2\/users\/2"}],"replies":[{"embeddable":true,"href":"https:\/\/www.psycholog4you.com.pl\/index.php?rest_route=%2Fwp%2Fv2%2Fcomments&post=71"}],"version-history":[{"count":0,"href":"https:\/\/www.psycholog4you.com.pl\/index.php?rest_route=\/wp\/v2\/pages\/71\/revisions"}],"wp:featuredmedia":[{"embeddable":true,"href":"https:\/\/www.psycholog4you.com.pl\/index.php?rest_route=\/wp\/v2\/media\/87"}],"wp:attachment":[{"href":"https:\/\/www.psycholog4you.com.pl\/index.php?rest_route=%2Fwp%2Fv2%2Fmedia&parent=71"}],"wp:term":[{"taxonomy":"post_tag","embeddable":true,"href":"https:\/\/www.psycholog4you.com.pl\/index.php?rest_route=%2Fwp%2Fv2%2Ftags&post=71"}],"curies":[{"name":"wp","href":"https:\/\/api.w.org\/{rel}","templated":true}]}}