{"id":77,"date":"2018-10-25T19:32:47","date_gmt":"2018-10-25T17:32:47","guid":{"rendered":"https:\/\/psychologkkozle.wordpress.com\/?page_id=77"},"modified":"2018-10-25T19:32:47","modified_gmt":"2018-10-25T17:32:47","slug":"dzieci-i-mlodziez","status":"publish","type":"page","link":"https:\/\/www.psycholog4you.com.pl\/?page_id=77","title":{"rendered":"Dzieci i m\u0142odzie\u017c"},"content":{"rendered":"<p style=\"text-align:justify;\">W\u00a0 okresie\u00a0 rozwoju\u00a0 od\u00a0 dzieci\u0144stwa\u00a0 do\u00a0 doros\u0142o\u015bci\u00a0 mog\u0105\u00a0 wyst\u0105pi\u0107\u00a0 r\u00f3\u017cne\u00a0 problemy, kt\u00f3re\u00a0 martwi\u0105\u00a0 rodzic\u00f3w\u00a0 lub\u00a0 nie\u00a0 udaje si\u0119 ich\u00a0 przezwyci\u0119\u017cy\u0107\u00a0 pomimo\u00a0 wysi\u0142k\u00f3w\u00a0 i\u00a0 stara\u0144. W\u00f3wczas z pomoc\u0105 mo\u017ce przyj\u015b\u0107 wiedza i wsparcie, kt\u00f3rego udzieli specjalista &#8211; psycholog\u00a0 \/\u00a0 terapeuta.\u00a0 Pomoc\u00a0 psychologiczna,\u00a0 terapia\u00a0 dzieci\u00a0 i\u00a0 m\u0142odzie\u017cy,\u00a0 w\u00a0 wieku przedszkolnym i szkolnym, oparta jest na konkretnych dzia\u0142aniach, kt\u00f3rych celem jest rozwi\u0105zanie zaistnia\u0142ych problem\u00f3w lub zmniejszenie ich negatywnych skutk\u00f3w.<\/p>\n<p style=\"text-align:justify;\">Dzieciom\u00a0 i\u00a0 nastolatkom\u00a0 udzielam\u00a0 pomocy\u00a0 w\u00a0 r\u00f3\u017cnych\u00a0 problemach\u00a0 emocjonalnych, kt\u00f3re\u00a0 w\u00a0 okresie\u00a0 rozwoju\u00a0 skutkuj\u0105\u00a0 zak\u0142\u00f3ceniami\u00a0 nastroju,\u00a0 sposobu\u00a0 my\u015blenia\u00a0 i utrudniaj\u0105 dzia\u0142ania:<\/p>\n<ul>\n<li style=\"text-align:justify;\">problemy wychowawcze (rodzicom do\u015bwiadczaj\u0105cym trudno\u015bci w tym obszarze proponuj\u0119 indywidualne konsultacje oraz warsztaty umiej\u0119tno\u015bci rodzicielskich)<\/li>\n<li style=\"text-align:justify;\">l\u0119kowe reakcje na stresuj\u0105ce sytuacje<\/li>\n<li style=\"text-align:justify;\">niepewno\u015b\u0107, zahamowanie, nie\u015bmia\u0142o\u015b\u0107, perfekcjonizm<\/li>\n<li style=\"text-align:justify;\">niska samoocena<\/li>\n<li style=\"text-align:justify;\">oboj\u0119tno\u015b\u0107\u00a0 uczuciowa\u00a0 (trudno\u015bci\u00a0 w\u00a0 nawi\u0105zywaniu\u00a0 \u00a0kontakt\u00f3w\u00a0 emocjonalnych\u00a0 z dzie\u0107mi\u00a0 i\u00a0 doros\u0142ymi,\u00a0 deficyty\u00a0 w\u00a0 zakresie\u00a0 empatii,\u00a0 trudno\u015bci\u00a0 w\u00a0 dzieleniu\u00a0 uczu\u0107 z innymi, trudno\u015bci w komunikacji niewerbalnej, z\u0142o\u015bliwo\u015b\u0107 \/ wrogo\u015b\u0107 wobec otoczenia)<\/li>\n<li style=\"text-align:justify;\">nadpobudliwo\u015b\u0107\u00a0 \u00a0psychoruchowa\u00a0 \u00a0(impulsywno\u015b\u0107,\u00a0 \u00a0nadruchliwo\u015b\u0107,\u00a0 \u00a0zaburzenia\u00a0 w\u00a0 koncentracji\u00a0 uwagi)<\/li>\n<li style=\"text-align:justify;\">zachowania opozycyjne i buntownicze oraz agresywne.<\/li>\n<\/ul>\n","protected":false},"excerpt":{"rendered":"<p>W\u00a0 okresie\u00a0 rozwoju\u00a0 od\u00a0 dzieci\u0144stwa\u00a0 do\u00a0 doros\u0142o\u015bci\u00a0 mog\u0105\u00a0 wyst\u0105pi\u0107\u00a0 r\u00f3\u017cne\u00a0 problemy, kt\u00f3re\u00a0 martwi\u0105\u00a0 rodzic\u00f3w\u00a0 lub\u00a0 nie\u00a0 udaje si\u0119 ich\u00a0 przezwyci\u0119\u017cy\u0107\u00a0 pomimo\u00a0 wysi\u0142k\u00f3w\u00a0 i\u00a0 stara\u0144. W\u00f3wczas z pomoc\u0105 mo\u017ce przyj\u015b\u0107 wiedza i wsparcie, kt\u00f3rego udzieli specjalista &#8211; psycholog\u00a0 \/\u00a0 terapeuta.\u00a0 Pomoc\u00a0 psychologiczna,\u00a0 terapia\u00a0 dzieci\u00a0 i\u00a0 m\u0142odzie\u017cy,\u00a0 w\u00a0 wieku przedszkolnym i szkolnym, oparta jest na konkretnych dzia\u0142aniach,&hellip; <a href=\"https:\/\/www.psycholog4you.com.pl\/?page_id=77\" class=\"more-link\">Czytaj dalej <span class=\"screen-reader-text\">Dzieci i m\u0142odzie\u017c<\/span><\/a><\/p>\n","protected":false},"author":2,"featured_media":0,"parent":71,"menu_order":0,"comment_status":"closed","ping_status":"closed","template":"","meta":{"footnotes":""},"tags":[],"class_list":["post-77","page","type-page","status-publish","hentry","without-featured-image"],"jetpack_sharing_enabled":true,"_links":{"self":[{"href":"https:\/\/www.psycholog4you.com.pl\/index.php?rest_route=\/wp\/v2\/pages\/77"}],"collection":[{"href":"https:\/\/www.psycholog4you.com.pl\/index.php?rest_route=\/wp\/v2\/pages"}],"about":[{"href":"https:\/\/www.psycholog4you.com.pl\/index.php?rest_route=\/wp\/v2\/types\/page"}],"author":[{"embeddable":true,"href":"https:\/\/www.psycholog4you.com.pl\/index.php?rest_route=\/wp\/v2\/users\/2"}],"replies":[{"embeddable":true,"href":"https:\/\/www.psycholog4you.com.pl\/index.php?rest_route=%2Fwp%2Fv2%2Fcomments&post=77"}],"version-history":[{"count":0,"href":"https:\/\/www.psycholog4you.com.pl\/index.php?rest_route=\/wp\/v2\/pages\/77\/revisions"}],"up":[{"embeddable":true,"href":"https:\/\/www.psycholog4you.com.pl\/index.php?rest_route=\/wp\/v2\/pages\/71"}],"wp:attachment":[{"href":"https:\/\/www.psycholog4you.com.pl\/index.php?rest_route=%2Fwp%2Fv2%2Fmedia&parent=77"}],"wp:term":[{"taxonomy":"post_tag","embeddable":true,"href":"https:\/\/www.psycholog4you.com.pl\/index.php?rest_route=%2Fwp%2Fv2%2Ftags&post=77"}],"curies":[{"name":"wp","href":"https:\/\/api.w.org\/{rel}","templated":true}]}}