{"id":81,"date":"2018-10-25T19:36:51","date_gmt":"2018-10-25T17:36:51","guid":{"rendered":"https:\/\/psychologkkozle.wordpress.com\/?page_id=81"},"modified":"2018-10-25T19:36:51","modified_gmt":"2018-10-25T17:36:51","slug":"dorosli","status":"publish","type":"page","link":"https:\/\/www.psycholog4you.com.pl\/?page_id=81","title":{"rendered":"Doro\u015bli"},"content":{"rendered":"<p style=\"text-align:justify;\">Udzielam pomocy osobom z r\u00f3\u017cnymi problemami psychologicznymi, kt\u00f3re na og\u00f3\u0142 skutkuj\u0105 zak\u0142\u00f3ceniami nastroju, sposobu my\u015blenia oraz utrudniaj\u0105 dzia\u0142ania:<\/p>\n<ul>\n<li style=\"text-align:justify;\">trudno\u015bci w relacjach z innymi (problemy w komunikacji, poczucie niezrozumienia, l\u0119k przed blisko\u015bci\u0105, trudno\u015bci w okre\u015blaniu granic w zwi\u0105zku)<\/li>\n<li>trudno\u015bci dnia codziennego<\/li>\n<li>stresuj\u0105ce wydarzenia i trudno\u015bci w przystosowaniu si\u0119 do danej sytuacji<\/li>\n<li>obni\u017cony lub niestabilny nastr\u00f3j<\/li>\n<li>brak energii i motywacji do dzia\u0142ania<\/li>\n<li>l\u0119ki i obawy zwi\u0105zane z r\u00f3\u017cnymi sferami \u017cycia<\/li>\n<li>poczucie osamotnienia i odrzucenia<\/li>\n<li>niska samoocena i trudno\u015bci w akceptacji siebie.<\/li>\n<\/ul>\n","protected":false},"excerpt":{"rendered":"<p>Udzielam pomocy osobom z r\u00f3\u017cnymi problemami psychologicznymi, kt\u00f3re na og\u00f3\u0142 skutkuj\u0105 zak\u0142\u00f3ceniami nastroju, sposobu my\u015blenia oraz utrudniaj\u0105 dzia\u0142ania: trudno\u015bci w relacjach z innymi (problemy w komunikacji, poczucie niezrozumienia, l\u0119k przed blisko\u015bci\u0105, trudno\u015bci w okre\u015blaniu granic w zwi\u0105zku) trudno\u015bci dnia codziennego stresuj\u0105ce wydarzenia i trudno\u015bci w przystosowaniu si\u0119 do danej sytuacji obni\u017cony lub niestabilny nastr\u00f3j brak&hellip; <a href=\"https:\/\/www.psycholog4you.com.pl\/?page_id=81\" class=\"more-link\">Czytaj dalej <span class=\"screen-reader-text\">Doro\u015bli<\/span><\/a><\/p>\n","protected":false},"author":2,"featured_media":0,"parent":71,"menu_order":0,"comment_status":"closed","ping_status":"closed","template":"","meta":{"footnotes":""},"tags":[],"class_list":["post-81","page","type-page","status-publish","hentry","without-featured-image"],"jetpack_sharing_enabled":true,"_links":{"self":[{"href":"https:\/\/www.psycholog4you.com.pl\/index.php?rest_route=\/wp\/v2\/pages\/81"}],"collection":[{"href":"https:\/\/www.psycholog4you.com.pl\/index.php?rest_route=\/wp\/v2\/pages"}],"about":[{"href":"https:\/\/www.psycholog4you.com.pl\/index.php?rest_route=\/wp\/v2\/types\/page"}],"author":[{"embeddable":true,"href":"https:\/\/www.psycholog4you.com.pl\/index.php?rest_route=\/wp\/v2\/users\/2"}],"replies":[{"embeddable":true,"href":"https:\/\/www.psycholog4you.com.pl\/index.php?rest_route=%2Fwp%2Fv2%2Fcomments&post=81"}],"version-history":[{"count":0,"href":"https:\/\/www.psycholog4you.com.pl\/index.php?rest_route=\/wp\/v2\/pages\/81\/revisions"}],"up":[{"embeddable":true,"href":"https:\/\/www.psycholog4you.com.pl\/index.php?rest_route=\/wp\/v2\/pages\/71"}],"wp:attachment":[{"href":"https:\/\/www.psycholog4you.com.pl\/index.php?rest_route=%2Fwp%2Fv2%2Fmedia&parent=81"}],"wp:term":[{"taxonomy":"post_tag","embeddable":true,"href":"https:\/\/www.psycholog4you.com.pl\/index.php?rest_route=%2Fwp%2Fv2%2Ftags&post=81"}],"curies":[{"name":"wp","href":"https:\/\/api.w.org\/{rel}","templated":true}]}}